{"id":9,"date":"2014-07-24T21:03:18","date_gmt":"2014-07-24T19:03:18","guid":{"rendered":"http:\/\/amoureuxauban.net\/nous-sommes-ici\/?page_id=9"},"modified":"2017-04-23T17:57:50","modified_gmt":"2017-04-23T15:57:50","slug":"presentation","status":"publish","type":"page","link":"https:\/\/amoureuxauban.net\/nous-sommes-ici\/presentation\/","title":{"rendered":"Pr\u00e9sentation"},"content":{"rendered":"<div id=\"page-translation-flags\"><a title=\"Fran\u00e7ais\" href=\"http:\/\/amoureuxauban.net\/nous-sommes-ici\/presentation\/\" target=\"_self\"><img decoding=\"async\" src=\"http:\/\/amoureuxauban.net\/nous-sommes-ici\/wp-content\/uploads\/2014\/08\/fr.png\" alt=\"fr\" \/><\/a><a title=\"Anglais\" href=\"http:\/\/amoureuxauban.net\/nous-sommes-ici\/about\/\" target=\"_self\"><img decoding=\"async\" src=\"http:\/\/amoureuxauban.net\/nous-sommes-ici\/wp-content\/uploads\/2014\/08\/uk.png\" alt=\"uk\" \/><\/a><\/div>\n<p><strong>Nous, couples et familles aux multiples origines et nationalit\u00e9s,<br \/>\nNous qui vivons notre vie de famille en France ou ailleurs,<br \/>\nNous voulons dire haut et fort : Nous sommes ici !<\/strong><\/p>\n<p>Alors que le climat ambiant est naus\u00e9abond, que le racisme et le rejet de l\u2019autre f\u00e9d\u00e8rent, en particulier de l\u2019\u00e9tranger, du suppos\u00e9 \u00e9tranger, de celui qui \u00ab ressemble \u00bb \u00e0 un \u00e9tranger&#8230;<br \/>\n<strong>Nous voulons dire haut et fort : Nous sommes ici !<\/strong><\/p>\n<p>Alors que que l\u2019extr\u00eame droite ne cesse de progresser, que des voix se font entendre pour affirmer que nos familles multiculturelles ou binationales seraient une menace&#8230;<br \/>\n<strong>Nous voulons dire haut et fort : Nous sommes ici !<\/strong><\/p>\n<p>Alors que 11 candidat.e.s sont en campagne pour l&rsquo;\u00e9lection pr\u00e9sidentielle, aucun.e ne s&rsquo;engage pour le respect des droits des couples binationaux,<br \/>\n<strong>Nous voulons dire haut et fort : Nous sommes ici !<\/strong><\/p>\n<p>Rien ne nous emp\u00eachera de nous aimer, de nous unir, de construire notre famille&#8230;<br \/>\n<strong>Que nous vivions en France ou ailleurs, nous voulons pouvoir le faire dans le respect de nos choix, de nos droits, de notre vie priv\u00e9e, et de notre intimit\u00e9.<\/strong><\/p>\n","protected":false},"excerpt":{"rendered":"<p>Nous, couples et familles aux multiples origines et nationalit\u00e9s, Nous qui vivons notre vie de famille en France ou ailleurs, Nous voulons dire haut et fort : Nous sommes ici ! Alors que le climat ambiant est naus\u00e9abond, que le racisme et le rejet de l\u2019autre f\u00e9d\u00e8rent, en particulier de l\u2019\u00e9tranger, du suppos\u00e9 \u00e9tranger, de [&hellip;]<\/p>\n","protected":false},"author":1,"featured_media":0,"parent":0,"menu_order":0,"comment_status":"open","ping_status":"open","template":"","meta":{"footnotes":""},"class_list":["post-9","page","type-page","status-publish","hentry"],"_links":{"self":[{"href":"https:\/\/amoureuxauban.net\/nous-sommes-ici\/wp-json\/wp\/v2\/pages\/9","targetHints":{"allow":["GET"]}}],"collection":[{"href":"https:\/\/amoureuxauban.net\/nous-sommes-ici\/wp-json\/wp\/v2\/pages"}],"about":[{"href":"https:\/\/amoureuxauban.net\/nous-sommes-ici\/wp-json\/wp\/v2\/types\/page"}],"author":[{"embeddable":true,"href":"https:\/\/amoureuxauban.net\/nous-sommes-ici\/wp-json\/wp\/v2\/users\/1"}],"replies":[{"embeddable":true,"href":"https:\/\/amoureuxauban.net\/nous-sommes-ici\/wp-json\/wp\/v2\/comments?post=9"}],"version-history":[{"count":16,"href":"https:\/\/amoureuxauban.net\/nous-sommes-ici\/wp-json\/wp\/v2\/pages\/9\/revisions"}],"predecessor-version":[{"id":997,"href":"https:\/\/amoureuxauban.net\/nous-sommes-ici\/wp-json\/wp\/v2\/pages\/9\/revisions\/997"}],"wp:attachment":[{"href":"https:\/\/amoureuxauban.net\/nous-sommes-ici\/wp-json\/wp\/v2\/media?parent=9"}],"curies":[{"name":"wp","href":"https:\/\/api.w.org\/{rel}","templated":true}]}}