{"id":7,"date":"2014-07-24T21:02:48","date_gmt":"2014-07-24T19:02:48","guid":{"rendered":"http:\/\/amoureuxauban.net\/nous-sommes-ici\/?page_id=7"},"modified":"2017-04-30T21:46:50","modified_gmt":"2017-04-30T19:46:50","slug":"participez","status":"publish","type":"page","link":"https:\/\/amoureuxauban.net\/nous-sommes-ici\/participez\/","title":{"rendered":"Participez !"},"content":{"rendered":"<div id=\"page-translation-flags\"><a title=\"Fran\u00e7ais\" href=\"http:\/\/amoureuxauban.net\/nous-sommes-ici\/participez\/\" target=\"_self\"><img decoding=\"async\" src=\"http:\/\/amoureuxauban.net\/nous-sommes-ici\/wp-content\/uploads\/2014\/08\/fr.png\" alt=\"fr\" \/><\/a><a title=\"Anglais\" href=\"http:\/\/amoureuxauban.net\/nous-sommes-ici\/participate\/\" target=\"_self\"><img decoding=\"async\" src=\"http:\/\/amoureuxauban.net\/nous-sommes-ici\/wp-content\/uploads\/2014\/08\/uk.png\" alt=\"uk\" \/><\/a><\/div>\n<p>Envie de crier haut et fort \u00ab\u00a0nous sommes ici !\u00a0\u00bb ?<br \/>\nEnvie de partager un peu de la richesse de votre vie ?<\/p>\n<p>Envoyez-nous votre photo, et surtout, n&rsquo;h\u00e9sitez pas \u00e0 \u00e9crire quelques mots :<\/p>\n<ul>\n<li>sur le lien qui vous unit,<\/li>\n<li>sur votre exp\u00e9rience de couple ou de famille,<\/li>\n<li>sur votre envie de changer le monde et les politiques d&rsquo;immigration qui le gouvernent,<\/li>\n<li>sur votre votre implication ou votre soutien pour le combat des Amoureux au ban public,<\/li>\n<li>ou sur toute chose que vous voulez partager avec nous&#8230;<\/li>\n<\/ul>\n<p>Comment faire ? C&rsquo;est tr\u00e8s simple, il suffit de remplir le formulaire ci-dessous !<\/p>\n<p><strong>Notre formulaire de saisie rencontre des probl\u00e8mes&#8230; Il est pr\u00e9f\u00e9rable de doubler votre envoi en nous adressant un mail avec la photo et les infos \u00e0 l&rsquo;adresse : abp.noussommesici@gmail.com\u00a0<\/strong><\/p>\n<div role=\"form\" class=\"wpcf7\" id=\"wpcf7-f17-o1\" lang=\"fr-FR\" dir=\"ltr\">\n<div class=\"screen-reader-response\"><\/div>\n<form action=\"\/nous-sommes-ici\/wp-json\/wp\/v2\/pages\/7#wpcf7-f17-o1\" method=\"post\" class=\"wpcf7-form\" enctype=\"multipart\/form-data\" novalidate=\"novalidate\">\n<div style=\"display: none;\">\n<input type=\"hidden\" name=\"_wpcf7\" value=\"17\" \/>\n<input type=\"hidden\" name=\"_wpcf7_version\" value=\"5.1.1\" \/>\n<input type=\"hidden\" name=\"_wpcf7_locale\" value=\"fr_FR\" \/>\n<input type=\"hidden\" name=\"_wpcf7_unit_tag\" value=\"wpcf7-f17-o1\" \/>\n<input type=\"hidden\" name=\"_wpcf7_container_post\" value=\"0\" \/>\n<input type=\"hidden\" name=\"g-recaptcha-response\" value=\"\" \/>\n<\/div>\n<p>Adresse email*:<br \/><span class=\"wpcf7-form-control-wrap adresse-email\"><input type=\"email\" name=\"adresse-email\" value=\"\" size=\"40\" class=\"wpcf7-form-control wpcf7-text wpcf7-email wpcf7-validates-as-required wpcf7-validates-as-email\" aria-required=\"true\" aria-invalid=\"false\" \/><\/span><\/p>\n<p>Photo (Max.: 2 Mo) *:<br \/><span class=\"wpcf7-form-control-wrap photo\"><input type=\"file\" name=\"photo\" size=\"40\" class=\"wpcf7-form-control wpcf7-file wpcf7-validates-as-required\" accept=\".png,.jpg,.jpeg\" aria-required=\"true\" aria-invalid=\"false\" \/><\/span><\/p>\n<p>Phrase:<br \/><span class=\"wpcf7-form-control-wrap phrase\"><textarea name=\"phrase\" cols=\"40\" rows=\"10\" class=\"wpcf7-form-control wpcf7-textarea\" aria-invalid=\"false\"><\/textarea><\/span> <\/p>\n<p>Ville de r\u00e9sidence:<br \/><span class=\"wpcf7-form-control-wrap ville\"><input type=\"text\" name=\"ville\" value=\"\" size=\"40\" class=\"wpcf7-form-control wpcf7-text\" aria-invalid=\"false\" \/><\/span><br \/><span style=\"font-style:italic;\">(Cette information ne sera jamais publi\u00e9e)<\/span><\/p>\n<p>\n<h3>Personne \u00e0 gauche<\/h3>\n<\/p>\n<p>Pr\u00e9nom *:<br \/><span class=\"wpcf7-form-control-wrap prenom1\"><input type=\"text\" name=\"prenom1\" value=\"\" size=\"40\" class=\"wpcf7-form-control wpcf7-text wpcf7-validates-as-required\" aria-required=\"true\" aria-invalid=\"false\" \/><\/span> <\/p>\n<p>Nationalit\u00e9 *:<br \/><span class=\"wpcf7-form-control-wrap nationalite1\"><input type=\"text\" name=\"nationalite1\" value=\"\" size=\"40\" class=\"wpcf7-form-control wpcf7-text wpcf7-validates-as-required\" aria-required=\"true\" aria-invalid=\"false\" \/><\/span> <\/p>\n<p>\n<h3>Personne \u00e0 droite<\/h3>\n<\/p>\n<p>Pr\u00e9nom *:<br \/><span class=\"wpcf7-form-control-wrap prenom2\"><input type=\"text\" name=\"prenom2\" value=\"\" size=\"40\" class=\"wpcf7-form-control wpcf7-text wpcf7-validates-as-required\" aria-required=\"true\" aria-invalid=\"false\" \/><\/span> <\/p>\n<p>Nationalit\u00e9 *:<br \/><span class=\"wpcf7-form-control-wrap nationalite2\"><input type=\"text\" name=\"nationalite2\" value=\"\" size=\"40\" class=\"wpcf7-form-control wpcf7-text wpcf7-validates-as-required\" aria-required=\"true\" aria-invalid=\"false\" \/><\/span> <\/p>\n<p><input type=\"submit\" value=\"Envoyer\" class=\"wpcf7-form-control wpcf7-submit\" \/><\/p>\n<p>(*) = champ obligatoire<\/p>\n<div class=\"wpcf7-response-output wpcf7-display-none\"><\/div><\/form><\/div>\n","protected":false},"excerpt":{"rendered":"<p>Envie de crier haut et fort \u00ab\u00a0nous sommes ici !\u00a0\u00bb ? Envie de partager un peu de la richesse de votre vie ? Envoyez-nous votre photo, et surtout, n&rsquo;h\u00e9sitez pas \u00e0 \u00e9crire quelques mots : sur le lien qui vous unit, sur votre exp\u00e9rience de couple ou de famille, sur votre envie de changer le [&hellip;]<\/p>\n","protected":false},"author":1,"featured_media":0,"parent":0,"menu_order":0,"comment_status":"open","ping_status":"open","template":"","meta":{"footnotes":""},"class_list":["post-7","page","type-page","status-publish","hentry"],"_links":{"self":[{"href":"https:\/\/amoureuxauban.net\/nous-sommes-ici\/wp-json\/wp\/v2\/pages\/7","targetHints":{"allow":["GET"]}}],"collection":[{"href":"https:\/\/amoureuxauban.net\/nous-sommes-ici\/wp-json\/wp\/v2\/pages"}],"about":[{"href":"https:\/\/amoureuxauban.net\/nous-sommes-ici\/wp-json\/wp\/v2\/types\/page"}],"author":[{"embeddable":true,"href":"https:\/\/amoureuxauban.net\/nous-sommes-ici\/wp-json\/wp\/v2\/users\/1"}],"replies":[{"embeddable":true,"href":"https:\/\/amoureuxauban.net\/nous-sommes-ici\/wp-json\/wp\/v2\/comments?post=7"}],"version-history":[{"count":29,"href":"https:\/\/amoureuxauban.net\/nous-sommes-ici\/wp-json\/wp\/v2\/pages\/7\/revisions"}],"predecessor-version":[{"id":1167,"href":"https:\/\/amoureuxauban.net\/nous-sommes-ici\/wp-json\/wp\/v2\/pages\/7\/revisions\/1167"}],"wp:attachment":[{"href":"https:\/\/amoureuxauban.net\/nous-sommes-ici\/wp-json\/wp\/v2\/media?parent=7"}],"curies":[{"name":"wp","href":"https:\/\/api.w.org\/{rel}","templated":true}]}}