{"id":810,"date":"2012-03-26T23:24:14","date_gmt":"2012-03-26T22:24:14","guid":{"rendered":"http:\/\/amoureuxauban.net\/film\/?page_id=810"},"modified":"2014-02-11T19:24:54","modified_gmt":"2014-02-11T18:24:54","slug":"presentation","status":"publish","type":"page","link":"https:\/\/amoureuxauban.net\/film\/presentation\/","title":{"rendered":"Pr\u00e9sentation du film"},"content":{"rendered":"<p><img loading=\"lazy\" decoding=\"async\" class=\"size-full wp-image-798 alignleft\" style=\"border: 1px solid #c0c0c0;\" title=\"affiche\" alt=\"\" src=\"http:\/\/amoureuxauban.net\/film\/wp-content\/uploads\/2012\/04\/affiche.presentation.png\" width=\"125\" height=\"200\" \/><\/p>\n<p style=\"text-align: justify; font-size: 10pt;\">Au nom de la lutte contre les \u00ab\u00a0mariages blancs\u00a0\u00bb et de la \u00ab\u00a0ma\u00eetrise\u00a0\u00bb de l&rsquo;immigration familiale, relegu\u00e9e au rang peu enviable d'\u00a0\u00bbimmigration subie\u00a0\u00bb, les couples franco-\u00e9trangers subissent depuis plusieurs ann\u00e9es le durcissement continu des lois et des pratiques administratives.<\/p>\n<p style=\"text-align: justify; font-size: 10pt;\">Avec intensit\u00e9 et \u00e9motion, 13 couples d\u00e9crivent dans ce film un parcours du combattant pour se marier en France, faire transcrire un mariage c\u00e9l\u00e9br\u00e9 \u00e0 l\u2019\u00e9tranger, obtenir un visa pour la France ou b\u00e9n\u00e9ficier d&rsquo;un titre de s\u00e9jour. Ils racontent leur peur ou leur v\u00e9cu de l\u2019expulsion, leur r\u00e9volte de devoir vivre cach\u00e9s ou s\u00e9par\u00e9s, le traumatisme des arrestations \u00e0 domicile, l&rsquo;opacit\u00e9 des administrations, les interrogatoires r\u00e9p\u00e9titifs destin\u00e9s \u00e0 v\u00e9rifier la sinc\u00e9rit\u00e9 de leurs sentiments, la difficult\u00e9 d&rsquo;obtenir le respect de leurs droits.<\/p>\n<p style=\"text-align: justify; font-size: 10pt;\">Dans les mairies, les consulats, les pr\u00e9fectures, les commissariats, on d\u00e9couvre alors l\u2019extraordinaire complexit\u00e9 des proc\u00e9dures, une confrontation jusqu\u2019\u00e0 l\u2019absurde avec une l\u00e9gislation qui a ajout\u00e9 des contr\u00f4les aux contr\u00f4les, des conditions aux conditions, et toujours plus d\u2019arbitraire, d\u2019intrusion dans les choix de vie personnels de ces couples. Leurs t\u00e9moignages ne relatent pas des dysfonctionnements exceptionnels. Ils mettent \u00e0 jour une v\u00e9ritable politique r\u00e9pressive qui a d\u00e9cr\u00e9t\u00e9 la mise au ban des couples franco-\u00e9trangers dans notre pays.<\/p>\n","protected":false},"excerpt":{"rendered":"<p>Au nom de la lutte contre les \u00ab\u00a0mariages blancs\u00a0\u00bb et de la \u00ab\u00a0ma\u00eetrise\u00a0\u00bb de l&rsquo;immigration familiale, relegu\u00e9e au rang peu enviable d&rsquo;\u00a0\u00bbimmigration subie\u00a0\u00bb, les couples franco-\u00e9trangers subissent depuis plusieurs ann\u00e9es le durcissement continu des lois et des pratiques administratives. Avec intensit\u00e9 et \u00e9motion, 13 couples d\u00e9crivent dans ce film un parcours du combattant pour se <a href='https:\/\/amoureuxauban.net\/film\/presentation\/' class='excerpt-more'>[&#8230;]<\/a><\/p>\n","protected":false},"author":4,"featured_media":0,"parent":0,"menu_order":0,"comment_status":"closed","ping_status":"open","template":"","meta":{"footnotes":""},"class_list":["post-810","page","type-page","status-publish","hentry","post-seq-1","post-parity-odd","meta-position-corners","fix"],"_links":{"self":[{"href":"https:\/\/amoureuxauban.net\/film\/wp-json\/wp\/v2\/pages\/810","targetHints":{"allow":["GET"]}}],"collection":[{"href":"https:\/\/amoureuxauban.net\/film\/wp-json\/wp\/v2\/pages"}],"about":[{"href":"https:\/\/amoureuxauban.net\/film\/wp-json\/wp\/v2\/types\/page"}],"author":[{"embeddable":true,"href":"https:\/\/amoureuxauban.net\/film\/wp-json\/wp\/v2\/users\/4"}],"replies":[{"embeddable":true,"href":"https:\/\/amoureuxauban.net\/film\/wp-json\/wp\/v2\/comments?post=810"}],"version-history":[{"count":0,"href":"https:\/\/amoureuxauban.net\/film\/wp-json\/wp\/v2\/pages\/810\/revisions"}],"wp:attachment":[{"href":"https:\/\/amoureuxauban.net\/film\/wp-json\/wp\/v2\/media?parent=810"}],"curies":[{"name":"wp","href":"https:\/\/api.w.org\/{rel}","templated":true}]}}