{"id":649,"date":"2012-01-22T00:43:26","date_gmt":"2012-01-21T23:43:26","guid":{"rendered":"http:\/\/amoureuxauban.net\/film\/?page_id=649"},"modified":"2012-03-28T08:46:04","modified_gmt":"2012-03-28T07:46:04","slug":"politis","status":"publish","type":"page","link":"https:\/\/amoureuxauban.net\/film\/politis\/","title":{"rendered":"Politis"},"content":{"rendered":"<p><strong>Politis &#8211; n\u00b01186 &#8211; 19\/25 janvier 2012<\/strong><\/p>\n<p>\u00ab Mari\u00e9s le matin, s\u00e9par\u00e9s le soir \u00bb<\/p>\n<p>Le 10 janvier, Claude Gu\u00e9ant annon\u00e7ait travailler au renforcement des proc\u00e9dures d&rsquo;annulation des \u00ab mariages de complaisance \u00bb. De quoi mettre en alerte Les Amoureux au ban public, mouvement qui rassemble et soutient des couples franco-\u00e9trangers et qui vient justement de r\u00e9unir, dans un documentaire r\u00e9alis\u00e9 par Nicolas Ferran, les t\u00e9moignages de treize couples. Ils racontent leur quotidien et la mani\u00e8re dont ils sont trait\u00e9s : police faisant irruption dans les domiciles, tirant Lisa nue du lit, entra\u00eenant Bernard au centre de r\u00e9tention, convocations au poste, intrusion dans la vie priv\u00e9e, violences, s\u00e9parations forc\u00e9e, pers\u00e9cutions administratives&#8230; \u00ab Vivez cach\u00e9s jusqu&rsquo;au mariage \u00bb conseillent les associations. M\u00eame apr\u00e8s la bataille continue. \u00ab Mari\u00e9 le mardi matin, s\u00e9par\u00e9s le mardi soir&#8230; \u00bb r\u00e9sume Aur\u00e9lie. \u00ab Pas le droit de tomber amoureuse d&rsquo;un \u00e9tranger ? \u00bb demande Elsa ? \u00ab J&rsquo;esp\u00e8re que vous n&rsquo;allez pas vous faire embobiner, vous avez le profil type \u00bb lui a r\u00e9pondu l&rsquo;agent.<\/p>\n<p>&nbsp;<\/p>\n","protected":false},"excerpt":{"rendered":"<p>Politis &#8211; n\u00b01186 &#8211; 19\/25 janvier 2012 \u00ab Mari\u00e9s le matin, s\u00e9par\u00e9s le soir \u00bb Le 10 janvier, Claude Gu\u00e9ant annon\u00e7ait travailler au renforcement des proc\u00e9dures d&rsquo;annulation des \u00ab mariages de complaisance \u00bb. De quoi mettre en alerte Les Amoureux au ban public, mouvement qui rassemble et soutient des couples franco-\u00e9trangers et qui vient justement <a href='https:\/\/amoureuxauban.net\/film\/politis\/' class='excerpt-more'>[&#8230;]<\/a><\/p>\n","protected":false},"author":4,"featured_media":0,"parent":0,"menu_order":0,"comment_status":"closed","ping_status":"open","template":"","meta":{"footnotes":""},"class_list":["post-649","page","type-page","status-publish","hentry","post-seq-1","post-parity-odd","meta-position-corners","fix"],"_links":{"self":[{"href":"https:\/\/amoureuxauban.net\/film\/wp-json\/wp\/v2\/pages\/649","targetHints":{"allow":["GET"]}}],"collection":[{"href":"https:\/\/amoureuxauban.net\/film\/wp-json\/wp\/v2\/pages"}],"about":[{"href":"https:\/\/amoureuxauban.net\/film\/wp-json\/wp\/v2\/types\/page"}],"author":[{"embeddable":true,"href":"https:\/\/amoureuxauban.net\/film\/wp-json\/wp\/v2\/users\/4"}],"replies":[{"embeddable":true,"href":"https:\/\/amoureuxauban.net\/film\/wp-json\/wp\/v2\/comments?post=649"}],"version-history":[{"count":0,"href":"https:\/\/amoureuxauban.net\/film\/wp-json\/wp\/v2\/pages\/649\/revisions"}],"wp:attachment":[{"href":"https:\/\/amoureuxauban.net\/film\/wp-json\/wp\/v2\/media?parent=649"}],"curies":[{"name":"wp","href":"https:\/\/api.w.org\/{rel}","templated":true}]}}