{"id":629,"date":"2012-01-11T18:26:25","date_gmt":"2012-01-11T18:26:25","guid":{"rendered":"http:\/\/amoureuxauban.net\/film\/?page_id=629"},"modified":"2012-03-28T08:46:04","modified_gmt":"2012-03-28T07:46:04","slug":"herault-du-jour","status":"publish","type":"page","link":"https:\/\/amoureuxauban.net\/film\/herault-du-jour\/","title":{"rendered":"Herault du Jour"},"content":{"rendered":"<p><strong>L&rsquo;H\u00e9rault du Jour &#8211; 12 janvier 2012<\/strong><\/p>\n<p><strong>Documentaire. \u00ab Les Amoureux au ban public \u00bb de Nicolas Ferran.<\/strong><br \/>\n<em>Le droit d\u2019aimer contest\u00e9<\/em><br \/>\nDepuis 2002, cinq lois ont modifi\u00e9 les r\u00e8gles sur l\u2019entr\u00e9e et le s\u00e9jour en France des \u00e9trangers ou l\u2019acquisition de la nationalit\u00e9. Ce durcissement croissant des r\u00e8gles nous concerne. Il impacte l\u2019\u00e9conomie nationale, notre vie sociale de tous les jours, et nos libert\u00e9s fondamentales. Les pratiques administratives r\u00e9pondant \u00e0 une politique du chiffre (objectifs fix\u00e9s \u00e0 25 000 reconduites en 2007 et 29 000 en 2010\u2026) s\u2019exon\u00e8rent souvent de la l\u00e9galit\u00e9, avec des cons\u00e9quences \u00e0 peine croyables pour les couples mixtes (franco-\u00e9tranger).<br \/>\nFace \u00e0 ces d\u00e9rives inacceptables, s\u2019est cr\u00e9\u00e9e en 2007 \u00e0 Montpellier l\u2019association Les Amoureux au ban public en partenariat avec la Cimade. A l\u2019initiative\u00a0 de Nicolas Ferran, cette structure de mobilisation collective a d\u00e9velopp\u00e9 un r\u00e9seau en cr\u00e9ant des antennes dans de nombreuses villes fran\u00e7aises. L\u2019expertise d\u00e9velopp\u00e9e par l\u2019association, notamment dans le domaine juridique, est venue en appui aux nombreuses victimes de la politique discriminatoire orchestr\u00e9e par le minist\u00e8re de l\u2019Int\u00e9rieur. Mais la politique de la nationalit\u00e9 s\u2019est traduite par un durcissement croissant de l\u2019ensemble des r\u00e8gles : limitation de l\u2019immigration et des droits (mariage, regroupement familial, asile) ; durcissement des conditions d\u2019acquisition de la nationalit\u00e9, allongement du d\u00e9lai d\u2019acquisition par mariage : (quatre ans aujourd\u2019hui, cinq en cas de vie \u00e0 l\u2019\u00e9tranger). R\u00e9sultat : un grand nombre de couples vivent aujourd\u2019hui leur union dans la peur.<br \/>\n<em>Un documentaire<\/em><br \/>\nNicolas Ferran, qui occupe actuellement un poste de responsable juridique au sein de l\u2019Observatoire international des prisons, vient de r\u00e9aliser un documentaire qui met \u00e0 jour la stigmatisation des \u00e9trangers et de leurs conjoints. Le film donne la parole \u00e0 treize couples qui d\u00e9crivent leur parcours perturb\u00e9. Ce travail in\u00e9dit r\u00e9v\u00e8le une r\u00e9alit\u00e9 sensible occult\u00e9e par la situation de clandestinit\u00e9 subie par les protagonistes. Il souligne en creux les liens de confiance que le r\u00e9alisateur a tiss\u00e9s au travers de son engagement, l\u00e0 o\u00f9 la sph\u00e8re sociale et le minist\u00e8re de la Justice ont \u00e9t\u00e9 marginalis\u00e9s par une politique aveugle d\u2019int\u00e9gration.<br \/>\nDans les propos de ces couples aux probl\u00e9matiques diverses, se diffuse et se rejoint la voix d\u2019un double exil. Celle de l\u2019\u00e9tranger \u00e0 qui l\u2019on refuse tout simplement l\u2019existence et celle du Fran\u00e7ais que l\u2019on contraint \u00e0 renier ses valeurs.<br \/>\nOn touche avec simplicit\u00e9 l&rsquo;\u00e2me d&rsquo;une France en crise identitaire. La force du t\u00e9moignage social de ce documentaire \u00e9voque la d\u00e9ch\u00e9ance d\u2019une politique qui touche \u00e0 la dignit\u00e9 humaine. Il est temps que cesse ce recul de l\u2019Etat de droit. Le film de Nicolas Ferran r\u00e9pond, pour les uns, \u00e0 un besoin de m\u00e9moire et constitue, pour d&rsquo;autres, un acte de r\u00e9sistance culturelle fortement citoyenne.<br \/>\n<span style=\"color: #888888;\">Jean-Marie Dinh<br \/>\nLe film est soutenu par la Cimade, La ligue des Droits de l\u2019Homme, le R\u00e9seau Education Sans Fronti\u00e8re et la Fatsi<br \/>\nLe doc est disponible \u00e0 l\u2019adresse <a href=\"http:\/\/www.amoureuxauban.net\/film\" target=\"_blank\">http:\/\/www.amoureuxauban.net\/<wbr>film<\/wbr><\/a><br \/>\nDR<\/span><\/p>\n","protected":false},"excerpt":{"rendered":"<p>L&rsquo;H\u00e9rault du Jour &#8211; 12 janvier 2012 Documentaire. \u00ab Les Amoureux au ban public \u00bb de Nicolas Ferran. Le droit d\u2019aimer contest\u00e9 Depuis 2002, cinq lois ont modifi\u00e9 les r\u00e8gles sur l\u2019entr\u00e9e et le s\u00e9jour en France des \u00e9trangers ou l\u2019acquisition de la nationalit\u00e9. Ce durcissement croissant des r\u00e8gles nous concerne. Il impacte l\u2019\u00e9conomie nationale, <a href='https:\/\/amoureuxauban.net\/film\/herault-du-jour\/' class='excerpt-more'>[&#8230;]<\/a><\/p>\n","protected":false},"author":4,"featured_media":0,"parent":0,"menu_order":0,"comment_status":"closed","ping_status":"open","template":"","meta":{"footnotes":""},"class_list":["post-629","page","type-page","status-publish","hentry","post-seq-1","post-parity-odd","meta-position-corners","fix"],"_links":{"self":[{"href":"https:\/\/amoureuxauban.net\/film\/wp-json\/wp\/v2\/pages\/629","targetHints":{"allow":["GET"]}}],"collection":[{"href":"https:\/\/amoureuxauban.net\/film\/wp-json\/wp\/v2\/pages"}],"about":[{"href":"https:\/\/amoureuxauban.net\/film\/wp-json\/wp\/v2\/types\/page"}],"author":[{"embeddable":true,"href":"https:\/\/amoureuxauban.net\/film\/wp-json\/wp\/v2\/users\/4"}],"replies":[{"embeddable":true,"href":"https:\/\/amoureuxauban.net\/film\/wp-json\/wp\/v2\/comments?post=629"}],"version-history":[{"count":0,"href":"https:\/\/amoureuxauban.net\/film\/wp-json\/wp\/v2\/pages\/629\/revisions"}],"wp:attachment":[{"href":"https:\/\/amoureuxauban.net\/film\/wp-json\/wp\/v2\/media?parent=629"}],"curies":[{"name":"wp","href":"https:\/\/api.w.org\/{rel}","templated":true}]}}