{"id":447,"date":"2011-11-04T21:17:57","date_gmt":"2011-11-04T21:17:57","guid":{"rendered":"http:\/\/amoureuxauban.net\/film\/?page_id=447"},"modified":"2012-03-28T08:46:05","modified_gmt":"2012-03-28T07:46:05","slug":"pressefrance-inter","status":"publish","type":"page","link":"https:\/\/amoureuxauban.net\/film\/presse\/pressefrance-inter\/","title":{"rendered":"Presse\/France Inter"},"content":{"rendered":"<h2>Les Amoureux au ban public, le film<\/h2>\n<div>\n<p>Au nom de la lutte contre les \u00ab mariages blancs \u00bb et de la \u00ab ma\u00eetrise \u00bb de l&rsquo;immigration familiale, les couples franco-\u00e9trangers subissent depuis plusieurs ann\u00e9es le durcissement continu des politiques d&rsquo;immigration.<\/p>\n<p>13 couples d\u00e9crivent dans ce film un parcours du combattant pour se marier en France, faire reconna\u00eetre un mariage c\u00e9l\u00e9br\u00e9 \u00e0 l\u2019\u00e9tranger, obtenir un visa pour la France ou b\u00e9n\u00e9ficier d&rsquo;un titre de s\u00e9jour.<\/p>\n<p>Avec intensit\u00e9 et \u00e9motion, ils racontent le traumatisme des arrestations \u00e0 domicile et des expulsions, leur r\u00e9volte de devoir vivre cach\u00e9s ou s\u00e9par\u00e9s, l&rsquo;opacit\u00e9 des administrations, les interrogatoires policiers, le d\u00e9voilement de leur intimit\u00e9, la difficult\u00e9 d&rsquo;obtenir le respect de leurs droits.<\/p>\n<p>Dans les mairies, les consulats, les pr\u00e9fectures ou les commissariats, on d\u00e9couvre alors l\u2019extraordinaire complexit\u00e9 des proc\u00e9dures et une l\u00e9gislation qui a ajout\u00e9 des contr\u00f4les aux contr\u00f4les, des conditions aux conditions, et toujours plus d\u2019arbitraire, d\u2019intrusion dans les choix de vie personnels.<\/p>\n<p>Leurs t\u00e9moignages ne relatent pas des dysfonctionnements exceptionnels. Ils mettent \u00e0 jour une v\u00e9ritable politique r\u00e9pressive qui a d\u00e9cr\u00e9t\u00e9 la mise au ban des couples franco-\u00e9trangers dans notre pays.<\/p>\n<p>&nbsp;<\/p>\n<p>Projections :<\/p>\n<p>&#8211; le 9 novembre 2011 \u00e0 20h au sein du gymnase Libert\u00e9, 30 boulevard de la libert\u00e9, 93100 Les Liilas. Projection suivie de d\u00e9bats avec les \u00e9lus locaux.<br \/>\n&#8211; le 11 novembre dans le cadre de la semaine de la solidarit\u00e9 internationale \u00e0 Lyon \u00e0 10h place Bellecour<br \/>\n&#8211; le 15 novembre \u00e0 20h en partenariat avec le Collectif Prod au caf\u00e9 de Paris au 158 rue Oberkampf, 75011 Paris<\/p>\n<p>http:\/\/www.franceinter.fr\/oeuvre-les-amoureux-au-ban-public-le-film<\/p>\n<\/div>\n","protected":false},"excerpt":{"rendered":"<p>Les Amoureux au ban public, le film Au nom de la lutte contre les \u00ab mariages blancs \u00bb et de la \u00ab ma\u00eetrise \u00bb de l&rsquo;immigration familiale, les couples franco-\u00e9trangers subissent depuis plusieurs ann\u00e9es le durcissement continu des politiques d&rsquo;immigration. 13 couples d\u00e9crivent dans ce film un parcours du combattant pour se marier en France, <a href='https:\/\/amoureuxauban.net\/film\/presse\/pressefrance-inter\/' class='excerpt-more'>[&#8230;]<\/a><\/p>\n","protected":false},"author":4,"featured_media":0,"parent":310,"menu_order":0,"comment_status":"closed","ping_status":"open","template":"template-archives.php","meta":{"footnotes":""},"class_list":["post-447","page","type-page","status-publish","hentry","post-seq-1","post-parity-odd","meta-position-corners","fix"],"_links":{"self":[{"href":"https:\/\/amoureuxauban.net\/film\/wp-json\/wp\/v2\/pages\/447","targetHints":{"allow":["GET"]}}],"collection":[{"href":"https:\/\/amoureuxauban.net\/film\/wp-json\/wp\/v2\/pages"}],"about":[{"href":"https:\/\/amoureuxauban.net\/film\/wp-json\/wp\/v2\/types\/page"}],"author":[{"embeddable":true,"href":"https:\/\/amoureuxauban.net\/film\/wp-json\/wp\/v2\/users\/4"}],"replies":[{"embeddable":true,"href":"https:\/\/amoureuxauban.net\/film\/wp-json\/wp\/v2\/comments?post=447"}],"version-history":[{"count":0,"href":"https:\/\/amoureuxauban.net\/film\/wp-json\/wp\/v2\/pages\/447\/revisions"}],"up":[{"embeddable":true,"href":"https:\/\/amoureuxauban.net\/film\/wp-json\/wp\/v2\/pages\/310"}],"wp:attachment":[{"href":"https:\/\/amoureuxauban.net\/film\/wp-json\/wp\/v2\/media?parent=447"}],"curies":[{"name":"wp","href":"https:\/\/api.w.org\/{rel}","templated":true}]}}