{"id":310,"date":"2011-09-20T17:55:26","date_gmt":"2011-09-20T17:55:26","guid":{"rendered":"http:\/\/amoureuxauban.net\/film\/?page_id=310"},"modified":"2012-03-28T08:46:04","modified_gmt":"2012-03-28T07:46:04","slug":"presse","status":"publish","type":"page","link":"https:\/\/amoureuxauban.net\/film\/presse\/","title":{"rendered":"Presse"},"content":{"rendered":"<p><strong>MarsActu &#8211; <em>mars 2012<\/em><\/strong><\/p>\n<p>\u00ab\u00a0Le film apporte un \u00e9clairage bouleversant sur le climat de suspicion naus\u00e9eux pesant sur notre soci\u00e9t\u00e9\u00a0\u00bb. <em><a href=\"http:\/\/www.marsactu.fr\/culture-2013\/les-amoureux-cloues-au-ban-public-27370.html\">Lire la suite<\/a>&#8230;<\/em><\/p>\n<p><strong>Regards &#8211; <em>mars 2012<\/em><\/strong><\/p>\n<div>\n<p>Annulations de mariage, arrestations, expulsions\u2026 \u00c0 travers le r\u00e9cit poignant de treize couples, Nicolas Ferran, initiateur du mouvement \u00ab\u00a0Les amoureux au ban public\u00a0\u00bb d\u00e9nonce dans ce premier documentaire militant la \u00ab\u00a0chasse aux mariages gris\u00a0\u00bb dont sont victimes, au nom d\u2019une politique d\u2019immigration restrictive, les couples franco \u00e9trangers.<em> <a href=\"http:\/\/www.regards.fr\/migrations\/nicolas-ferran-face-a-la-police\">Extrait de l&rsquo;interview <\/a><\/em>de Nicolas Ferran&#8230;<\/p>\n<\/div>\n<p><strong>L&rsquo;Union &#8211; <em>15 f\u00e9vrier 2012<\/em><\/strong><\/p>\n<p>Ce long-m\u00e9trage pr\u00e9sente treize t\u00e9moignages, dont certains sont \u00ab particuli\u00e8rement poignants \u00bb (&#8230;). <em><a href=\"http:\/\/www.lunion.presse.fr\/article\/autres-actus\/treize-temoignages\">Lire la suite&#8230;<\/a><\/em><\/p>\n<p><strong>L&rsquo;ind\u00e9pendant &#8211; <em>13 f\u00e9vrier 2012<\/em><\/strong><\/p>\n<p>Le rendez-vous est de circonstance et m\u00eame si les deux associations se connaissent bien, c\u00e9l\u00e9brer ensemble la Saint-Valentin est une premi\u00e8re. C&rsquo;est donc \u00e0 travers la projection du film de Nicolas Ferran intitul\u00e9 \u00ab\u00a0Les amoureux au ban public\u00a0\u00bb, que les passionn\u00e9s de cin\u00e9ma et les d\u00e9fenseurs des \u00e9trangers proposent cet \u00e9v\u00e9nement.\u00a0Pour Nicole Mathieu, pr\u00e9sidente de la Cimade 66 : \u00ab\u00a0C&rsquo;est l&rsquo;occasion d&rsquo;aborder ce sujet et d&rsquo;\u00e9voquer les r\u00e9alit\u00e9s \u00e0 travers les histoires de 13 couples dit mixtes, comprenez entre deux personnes l&rsquo;une de nationalit\u00e9 fran\u00e7aise l&rsquo;autre \u00e9trang\u00e8re (&#8230;). <em><a href=\"http:\/\/www.lindependant.fr\/2012\/02\/13\/saint-valentin-particuliere-au-cinema-jaures-demain,116695.php\">Lire la suite&#8230;\u00a0<\/a><\/em><\/p>\n<p><strong>CFDT Magazine &#8211; n\u00b0 380, <em>f\u00e9vrier 2012<\/em> (p. 43)<\/strong><\/p>\n<p>L&rsquo;association \u00ab\u00a0Les Amoureux au ban public\u00a0\u00bb, qui rassemble des couples franco-\u00e9trangers afin de d\u00e9fendre leur droits a recueilli les t\u00e9moignages film\u00e9s de treize d&rsquo;entre eux. Ils d\u00e9crivent le traumatisme des arrestation \u00e0 domicile et des expulsions, les interrogatoires policiers, les proc\u00e9dures administratives opaques et complexes qui vont jusqu&rsquo;\u00e0 s&rsquo;immiscer dans leur intimit\u00e9 et peuvent les contraindre \u00e0 vivre cach\u00e9s ou s\u00e9par\u00e9s. R\u00e9alis\u00e9 par Nicolas Ferran, un des fondateurs de l&rsquo;association, ce documentaire r\u00e9v\u00e8le combien une politique absurde conduit des familles \u00e0 vivre un parcours du combattant pour simplement faire valoir leurs droits.<\/p>\n<p><strong>Causette &#8211; <em>f\u00e9vrier 2012<\/em> (p.94)<\/strong><\/p>\n<p>N\u00e9e au sein de la Cimade, l&rsquo;association des Amoureux au ban public soutient le droit au mariage et \u00e0 une vie familiale pour les couples franco-\u00e9trangers. Car, sachez-le, tous les amoureux n&rsquo;ont pas fait le bon choix, et si les histoires d&rsquo;A ne finissent pas toujours mal, certaines se heurtent \u00e0 de sacr\u00e9es difficult\u00e9s. Treize couples t\u00e9moignent dans ce documentaire de leur parcours du combattant et de leur quotidien, bouscul\u00e9 par la peur, les tracasseries administratives, les expulsions. Et les vexations. Quelle femme s&rsquo;imagine aujourd&rsquo;hui interrog\u00e9e sur sa virginit\u00e9 par un policier fran\u00e7ais, au pr\u00e9texte de la chasse au mariage blanc ?<\/p>\n<p><strong>Le Canard encha\u00een\u00e9 \u2013 <em>25 janvier 2012<\/em>\u00a0(p. 5)\u00a0<\/strong><\/p>\n<p>\u00ab\u00a0MILITANTS DE L\u2019AMOUR \u00a0&#8211;\u00a0Joli nom pour une association, Les amoureux au ban public, et pour lutter contre le\u00a0harc\u00e8lement administratif des couples mixtes. En juin 2007, \u00e0 peine l\u2019association cr\u00e9\u00e9e,\u00a0Nicolas Ferran, qui y travaille, commence \u00e0 filmer ces amants houspill\u00e9s, partout en\u00a0France. (\u2026) La police qui fouille les placards, v\u00e9rifie matelas et brosses \u00e0 dents. Ce mari\u00a0emmen\u00e9 \u00e0 l\u2019aube, cette femme en sanglots, ces enfants horrifi\u00e9s, ces visas refus\u00e9s, ces\u00a0preuves burlesques d\u2019amour exig\u00e9es par les pr\u00e9fectures ou les procureurs pour c\u00e9lebrer un\u00a0mariage qui ne donne pas doit \u00e0 grand-chose, sauf \u00e0 l\u2019angoisse d\u2019une expulsion. Ces amants\u00a0interrogent : \u00ab Sommes-nous fran\u00e7ais \u00e0 la fin ? On ne nous traite pas en fran\u00e7ais \u00bb. Le film a mis deux ans \u00e0 se faire, avec peu de moyens, et aujourd&rsquo;hui il est projet\u00e9 dans des salles de d\u00e9bats (&#8230;)\u00a0\u00bb. <em>Pour lire l&rsquo;int\u00e9gralit\u00e9 de l&rsquo;article, achetez le Canard !!!<\/em><\/p>\n<p><strong>Elle.fr &#8211; <em>20 janvier 2012<\/em><\/strong><\/p>\n<p>\u00ab\u00a0\u00ab Les amoureux au ban public \u00bb : un docu sur les couples franco-\u00e9trangers \u00e0 ne pas rater. (&#8230;) Comment faire quand l\u2019homme qu\u2019on aime est emmen\u00e9 en centre de r\u00e9tention, comment prouver que son mariage n\u2019est pas blanc, comment arr\u00eater l\u2019angoisse \u00e0 chaque policier crois\u00e9 dans la rue, comment ne pas craquer apr\u00e8s des heures \u00e0 attendre \u00e0 la pr\u00e9fecture et qu\u2019\u00e0 chaque fois, il manque un nouveau document pour boucler le dossier\u2026 Comment ne pas hurler quand celui ou celle avec qui on partageait sa vie est un jour expuls\u00e9 ? (&#8230;) Ce qu\u2019on retient de ce documentaire c\u2019est l\u2019immense \u00e9nergie qui habite ces couples, leur volont\u00e9 de ne pas baisser les bras, m\u00eame lorsqu\u2019ils semblent bris\u00e9s par la machine administrative, et le formidable espoir de pouvoir s\u2019aimer un jour, sans plus jamais avoir \u00e0 se cacher (&#8230;)\u00a0\u00bb.<em> <a href=\"http:\/\/www.elle.fr\/Societe\/News\/Les-amoureux-au-ban-public-un-docu-sur-les-couples-franco-etrangers-a-ne-pas-rater-1880856\/%28affichage%29\/avis\/%28listing%29\/all#zoneCommentairesNew\">Lire la suite<\/a><\/em><\/p>\n<p><strong>Politis &#8211; n\u00b01186 &#8211; <em>19\/25 janvier 2012<\/em><\/strong><\/p>\n<p>\u00ab\u00a0(&#8230;) Les Amoureux au ban public vient de r\u00e9unir, dans un documentaire r\u00e9alis\u00e9 par Nicolas Ferran, les t\u00e9moignages de treize couples. Ils racontent leur quotidien et la mani\u00e8re dont ils sont trait\u00e9s : police faisant irruption dans les domiciles, tirant Lisa nue du lit, entra\u00eenant Bernard au centre de r\u00e9tention, convocations au poste, intrusion dans la vie priv\u00e9e, violences, s\u00e9parations forc\u00e9e, pers\u00e9cutions administratives&#8230; (&#8230;)\u00a0\u00bb. <em><a href=\"http:\/\/amoureuxauban.net\/film\/?page_id=649\">Lire la suite<\/a>&#8230;<\/em><\/p>\n<p><strong>Radio Aligre &#8211; <em>16 janvier 2012<\/em><\/strong><\/p>\n<p>\u00ab\u00a0Un film poignant, qui m&rsquo;a tir\u00e9 quelques larmes (&#8230;)\u00a0\u00bb. <em><a href=\"http:\/\/www.liberte-expression.fr\/amoureux-au-ban-public-presumes-couple-able\/\">Ecouter l&rsquo;\u00e9mission<\/a>&#8230;<\/em><\/p>\n<p><strong>L&rsquo;H\u00e9rault du Jour &#8211; <em>12 janvier 2012<\/em><\/strong><\/p>\n<p>\u00ab\u00a0(&#8230;) Le film donne la parole \u00e0 treize couples qui d\u00e9crivent leur parcours perturb\u00e9. Ce travail in\u00e9dit r\u00e9v\u00e8le une r\u00e9alit\u00e9 sensible occult\u00e9e par la situation de clandestinit\u00e9 subie par les protagonistes. Il souligne en creux les liens de confiance que le r\u00e9alisateur a tiss\u00e9s au travers de son engagement (&#8230;) On touche avec simplicit\u00e9 l&rsquo;\u00e2me d&rsquo;une France en crise identitaire. La force du t\u00e9moignage social de ce documentaire \u00e9voque la d\u00e9ch\u00e9ance d\u2019une politique qui touche \u00e0 la dignit\u00e9 humaine. Il est temps que cesse ce recul de l\u2019Etat de droit. Le film de Nicolas Ferran r\u00e9pond, pour les uns, \u00e0 un besoin de m\u00e9moire et constitue, pour d&rsquo;autres, un acte de r\u00e9sistance culturelle fortement citoyenne.\u00a0\u00bb <em><a href=\"http:\/\/amoureuxauban.net\/film\/?page_id=629\">Lire la suite<\/a>&#8230;<\/em><\/p>\n<p><strong>Africultures &#8211; <em>11 janvier 2012<\/em><\/strong><\/p>\n<p>\u00ab\u00a0(&#8230;) Allez traquer \u00ab\u00a0l&rsquo;escroquerie sentimentale\u00a0\u00bb ! Qui peut prouver ou douter de la v\u00e9racit\u00e9 des sentiments ? On tombe forc\u00e9ment dans l&rsquo;absurde, mais comme la traque est bien r\u00e9elle, c&rsquo;est dans la cruaut\u00e9 que l&rsquo;on plonge, comme le montre ce film accablant. Produit d&rsquo;une association qui porte son titre \u00e9vocateur et qui comporte maintenant une vingtaine de collectifs locaux, il n&rsquo;est pas neutre, il est au contraire engag\u00e9, militant. Mais il n&rsquo;est pas manipulateur car il laisse aux gens concern\u00e9s le temps de leur r\u00e9cit. Ce sont des vies harcel\u00e9es et des amours reni\u00e9s qui se confient \u00e0 la cam\u00e9ra de Nicolas Ferran, et ce n&rsquo;est que \u00e7a : le film ne fait pas de grands discours, ne travaille pas beaucoup l&rsquo;esth\u00e9tique, mais repr\u00e9sente de l&rsquo;\u00e9paisseur humaine en barre (&#8230;).\u00a0\u00bb<em> <a href=\"http:\/\/www.africultures.com\/php\/index.php?nav=article&amp;no=10572\">Lire la suite<\/a>&#8230;<\/em><\/p>\n<p><strong>Cin\u00e9critick &#8211; <em>10 janvier 2012<\/em><\/strong><\/p>\n<p>\u00ab\u00a0Un DVD \u00e0 voir (&#8230;).\u00a0Le film de Nicolas Ferran va permettre de d\u00e9couvrir cette abjecte situation, celle o\u00f9 l&rsquo;\u00e9tat fouille la vie priv\u00e9e des gens, sous pr\u00e9texte que l&rsquo;un des deux \u00e9poux est n\u00e9 ailleurs qu&rsquo;en France (&#8230;)\u00a0\u00bb. <em><a href=\"http:\/\/cinecritick.canalblog.com\/archives\/2012\/01\/10\/23209512.html#c47296704\">Lire la suite<\/a><\/em>&#8230;<\/p>\n<p><strong>France Inter (Emission \u00ab\u00a0Ouvert la nuit\u00a0\u00bb) &#8211; <em>29 d\u00e9cembre 2011<\/em><\/strong><\/p>\n<p>\u00ab\u00a0(&#8230;) Un documentaire absolument accablant. (&#8230;). Un film que je conseille, c&rsquo;est accablant, bouleversant (&#8230;)\u00a0\u00bb (Baptiste Etchegaray, chroniqueur de l&rsquo;\u00e9mission). <em><a href=\"http:\/\/www.franceinter.fr\/emission-ouvert-la-nuit-new-gospel-familyfanette-bonnaric-payram-et-nicolas-cartier\">Ecouter la suite<\/a><\/em>&#8230;<\/p>\n<p><strong>SaphirNews.com &#8211; <em>29 d\u00e9cembre 2011<\/em><\/strong><\/p>\n<p>\u00ab\u00a0(&#8230;) Un film acerbe sur les d\u00e9rives de la politique actuelle d\u2019immigration.\u00a0(&#8230;)\u00a0Treize couples parlent ainsi des difficult\u00e9s qu&rsquo;ils rencontrent pour la r\u00e9gularisation du conjoint \u00e9tranger mais d\u00e9noncent surtout la pression psychologique que font peser sur eux les autorit\u00e9s administratives et les forces de l\u2019ordre. Une bataille pour l\u2019amour ou tout simplement pour le droit de vivre \u00e0 deux et de faire cohabiter deux cultures. (&#8230;) Saphirnews a pos\u00e9 quelques questions au r\u00e9alisateur Nicolas Ferran (&#8230;)\u00a0\u00bb. <em><a href=\"http:\/\/www.saphirnews.com\/Amour-et-visa-un-film-documentaire-sur-les-couples-mixtes_a13674.html\">Lire la suite&#8230;<\/a><\/em><\/p>\n<p><strong>T\u00e9moignage Chr\u00e9tien &#8211;<\/strong> <strong>(n\u00b03470) &#8211;<em>\u00a08 d\u00e9cembre 2011<\/em><\/strong><\/p>\n<p>\u00ab\u00a0Accablant. Difficile de qualifier autrement les lenteurs administratives, les pressions polici\u00e8res et les traitements d\u00e9gradants subis par les couples franco-\u00e9trangers victimes de la politique d\u2019immigration du moment. Nicolas Ferran, ancien coordinateur du mouvement Les Amoureux au ban public, une association cr\u00e9\u00e9e en 2007 pour d\u00e9fendre le droit des couples mixtes, donne dans ce film \u00e9ponyme la parole aux victimes de ces situations largement m\u00e9connues du grand public. (&#8230;)\u00a0le film est \u00e0 commander d\u2019urgence (&#8230;)\u00a0\u00bb.\u00a0<em><a title=\"T\u00e9moignage chr\u00e9tien\" href=\"http:\/\/amoureuxauban.net\/film\/?page_id=529\">Lire la suite&#8230;<\/a><\/em><\/p>\n<p><strong>P\u00e9lerin (n\u00b06729)\u00a0 &#8211; <em>17 novembre 2011<\/em><\/strong><\/p>\n<p>\u00ab\u00a0(&#8230;) Quatorze t\u00e9moignages de couples franco-\u00e9trangers font la mati\u00e8re, bouleversante, de ce DVD r\u00e9alis\u00e9 par Les amoureux au ban public. N\u00e9 en 2007 dans le giron de la Cimade (service oecum\u00e9nique d\u2019entraide), ce mouvement joue sur les mots d\u2019une chanson de Georges Brassens pour alerter sur le harc\u00e8lement administratif et policier que subissent les couples mixtes. (&#8230;) Un film salutaire pour prendre conscience de l\u2019h\u00e9ro\u00efsme bien involontaire de ces couples (&#8230;)\u00a0\u00bb.<em> <a title=\"P\u00e9lerin\" href=\"http:\/\/amoureuxauban.net\/film\/?page_id=473\">Lire la suite&#8230;<\/a><\/em><\/p>\n<p><strong>Mediaterranee.com &#8211; <em>16 novembre 2011<\/em><\/strong><\/p>\n<p>\u00ab\u00a0(&#8230;) Le spectateur est plong\u00e9 dans l&rsquo;enfer administratif que traversent les \u00ab couples mixtes \u00bb. (&#8230;) On ne s&rsquo;imagine pas le calvaire que vivent ces couples parfois durant plusieurs ann\u00e9es, avant de pouvoir un jour vivre leur bonheur ensemble, comme un couple lambda. Ce film le raconte excellemment bien, avec les paroles de ces victimes. Nicolas Ferran nous am\u00e8ne aux quatre coins de la France pour rencontrer ces amoureux mis au ban. Ils sont treize couples \u00e0 t\u00e9moigner des \u00e9preuves et des souffrances qu&rsquo;ils ont d\u00fb endurer (&#8230;)\u00a0\u00bb. <em><a href=\"http:\/\/www.mediaterranee.com\/1632011-les-amoureux-au-ban-public-une-plongee-dans-lenfer-des-couples-mixtes.html\">Lire la suite&#8230;<\/a><\/em><\/p>\n<p><strong>Med&rsquo;in Marseille<\/strong><em><strong> &#8211; <\/strong><strong>5 novembre 2011<\/strong><\/em><\/p>\n<p>\u00ab\u00a0(&#8230;)\u00a0Des histoires, des t\u00e9moignages que Nicolas Ferran, ancien coordinateur national du mouvement, a d\u00e9cid\u00e9 de transposer en film. (&#8230;)\u00a0Les t\u00e9moignages, recueillis en trois ans, sont efficaces, la parole est laiss\u00e9e totalement libre, seules quelques voix\u00a0<em>off<\/em>\u00a0accompagnent le film. On ressent dans le documentaire toute la d\u00e9tresse et les traumatismes subis. Et on comprend que m\u00eame quand les couples parviennent \u00e0 trouver une certaine stabilit\u00e9, ils continuent \u00e0 subir le harc\u00e8lement policier (&#8230;)\u00a0\u00bb. <em><a href=\"http:\/\/www.med-in-marseille.info\/spip.php?article1638\">Lire la suite&#8230;<\/a><\/em><\/p>\n<p><strong>France Inter &#8211; <em>novembre 2011<\/em><\/strong><\/p>\n<p>\u00ab\u00a0Au nom de la lutte contre les \u00ab mariages blancs \u00bb et de la \u00ab ma\u00eetrise \u00bb de l&rsquo;immigration familiale, les couples franco-\u00e9trangers subissent depuis plusieurs ann\u00e9es le durcissement continu des politiques d&rsquo;immigration. 13 couples d\u00e9crivent dans ce film un parcours du combattant pour se marier en France, faire reconna\u00eetre un mariage c\u00e9l\u00e9br\u00e9 \u00e0 l\u2019\u00e9tranger, obtenir un visa pour la France ou b\u00e9n\u00e9ficier d&rsquo;un titre de s\u00e9jour (&#8230;)\u00a0\u00bb.\u00a0<a title=\"Presse\/France Inter\" href=\"http:\/\/www.franceinter.fr\/oeuvre-les-amoureux-au-ban-public-le-film\" target=\"_blank\">Lire la suite&#8230;<\/a><\/p>\n<p><strong>Alternatives Economiques (n\u00b0 307) &#8211; <em>novembre 2011<\/em><\/strong><\/p>\n<p>\u00ab\u00a0Lanc\u00e9 en 2007 sous l&rsquo;impulsion de la Cimade, le mouvement des Amoureux au ban public entend interpeller les citoyens et les pouvoirs publics sur les difficult\u00e9s que rencontrent les couples franco-\u00e9trangers pour mener une vie familiale normale sur notre territoire (&#8230;)\u00a0\u00bb. \u00a0<a title=\"Alternatives Eco\" href=\"http:\/\/amoureuxauban.net\/film\/?page_id=437\">Lire la suite&#8230;<\/a><\/p>\n<p>&nbsp;<\/p>\n","protected":false},"excerpt":{"rendered":"<p>MarsActu &#8211; mars 2012 \u00ab\u00a0Le film apporte un \u00e9clairage bouleversant sur le climat de suspicion naus\u00e9eux pesant sur notre soci\u00e9t\u00e9\u00a0\u00bb. Lire la suite&#8230; Regards &#8211; mars 2012 Annulations de mariage, arrestations, expulsions\u2026 \u00c0 travers le r\u00e9cit poignant de treize couples, Nicolas Ferran, initiateur du mouvement \u00ab\u00a0Les amoureux au ban public\u00a0\u00bb d\u00e9nonce dans ce premier documentaire <a href='https:\/\/amoureuxauban.net\/film\/presse\/' class='excerpt-more'>[&#8230;]<\/a><\/p>\n","protected":false},"author":4,"featured_media":0,"parent":0,"menu_order":0,"comment_status":"closed","ping_status":"open","template":"","meta":{"footnotes":""},"class_list":["post-310","page","type-page","status-publish","hentry","post-seq-1","post-parity-odd","meta-position-corners","fix"],"_links":{"self":[{"href":"https:\/\/amoureuxauban.net\/film\/wp-json\/wp\/v2\/pages\/310","targetHints":{"allow":["GET"]}}],"collection":[{"href":"https:\/\/amoureuxauban.net\/film\/wp-json\/wp\/v2\/pages"}],"about":[{"href":"https:\/\/amoureuxauban.net\/film\/wp-json\/wp\/v2\/types\/page"}],"author":[{"embeddable":true,"href":"https:\/\/amoureuxauban.net\/film\/wp-json\/wp\/v2\/users\/4"}],"replies":[{"embeddable":true,"href":"https:\/\/amoureuxauban.net\/film\/wp-json\/wp\/v2\/comments?post=310"}],"version-history":[{"count":0,"href":"https:\/\/amoureuxauban.net\/film\/wp-json\/wp\/v2\/pages\/310\/revisions"}],"wp:attachment":[{"href":"https:\/\/amoureuxauban.net\/film\/wp-json\/wp\/v2\/media?parent=310"}],"curies":[{"name":"wp","href":"https:\/\/api.w.org\/{rel}","templated":true}]}}