{"id":303,"date":"2011-09-20T17:53:14","date_gmt":"2011-09-20T17:53:14","guid":{"rendered":"http:\/\/amoureuxauban.net\/film\/?page_id=303"},"modified":"2015-07-27T09:44:42","modified_gmt":"2015-07-27T08:44:42","slug":"lequipe-du-film","status":"publish","type":"page","link":"https:\/\/amoureuxauban.net\/film\/lequipe-du-film\/","title":{"rendered":"Fiche technique"},"content":{"rendered":"<p><strong>Genre<\/strong> : Documentaire \/\u00a0<strong>Dur\u00e9e<\/strong> : 1h10 \/\u00a0<strong>Support de tournage<\/strong> : mini DV \/\u00a0<strong>Format<\/strong> : 4\/3 \/<strong>Langue<\/strong> : fran\u00e7ais<\/p>\n<p><a title=\"Dossier de presse du film\" href=\"http:\/\/amoureuxauban.net\/film\/wp-content\/uploads\/2012\/03\/Dossier_Presse_Film_Amoureux.pdf\" target=\"_blank\">T\u00e9l\u00e9charger le dossier de presse du film<\/a><\/p>\n<p><a href=\"http:\/\/amoureuxauban.net\/film\/wp-content\/uploads\/2011\/09\/Revue-de-presse-film-ABP.pdf\">T\u00e9l\u00e9charger la revue de presse du film<\/a><\/p>\n<p><strong><span style=\"text-decoration: underline;\">L&rsquo;\u00e9quipe du film<\/span> :\u00a0<\/strong><\/p>\n<p>Producteur et r\u00e9alisateur : <em>Nicolas Ferran<\/em><\/p>\n<p>Montage : <em>Sophie Blais, Didier Fassio, Nicolas Ferran<\/em><\/p>\n<p>Images : <em>Gr\u00e9gory Auzuech, Sophie Blais, Didier Fassio, Julien Meyer<\/em><\/p>\n<p>Musique et mixage son : <em><a href=\"http:\/\/www.leopoumey.com\/\">L\u00e9o Poumey<\/a><\/em><\/p>\n<p>Voix off : <em>Nicolas Ferran<\/em><\/p>\n<p>Charg\u00e9e de diffusion :\u00a0<em> l&rsquo;\u00e9quipe de coordination des Amoureux au ban public <\/em>(amoureuxlefilm@gmail.com)<\/p>\n<p>Visuels (affiche) : <em><a title=\"Genaro\" href=\"http:\/\/www.genaro-studio.com\/\" target=\"_blank\">G\u00e9naro<\/a><\/em><\/p>\n<p>Photo affiche : <em><a title=\"Item\" href=\"http:\/\/www.collectifitem.com\/\" target=\"_blank\">\u00a9 Collectif Item<\/a><\/em><\/p>\n<p>Web designer :<em> <a title=\"Juliana Devis\" href=\"http:\/\/julianadevis.com\/\" target=\"_blank\">Juliana Devis<\/a><\/em><\/p>\n<p><span style=\"text-decoration: underline;\"><strong>Le r\u00e9alisateur<\/strong><\/span>:<\/p>\n<p>Docteur en droit, Nicolas Ferran est\u00a0 engag\u00e9 depuis plus de quinze ans dans la d\u00e9fense des droits des \u00e9trangers au sein de La Cimade. Avec le soutien de cette association, il fonde en 2007 le mouvement des \u00ab Amoureux au ban public \u00bb qui se donne pour objectif d\u2019offrir aux couples franco-\u00e9trangers un espace de mobilisation collective pour la d\u00e9fense de leur droit. Il assure la coordination nationale de cette mobilisation jusqu\u2019en d\u00e9cembre 2010.<\/p>\n<p>Avec ce documentaire \u00e9ponyme du mouvement, qui est aussi son premier film (enti\u00e8rement auto-produit), Nicolas Ferran a souhait\u00e9 rester fid\u00e8le \u00e0 la d\u00e9marche qui a toujours \u00e9t\u00e9 la sienne : donner la parole aux couples franco-\u00e9trangers. Sa longue immersion au c\u0153ur de la mobilisation des Amoureux au ban public, les liens tiss\u00e9s avec de nombreux couples franco-\u00e9trangers lui ont offerts une position privil\u00e9gi\u00e9e pour recueillir des t\u00e9moignages poignants sur les effets d\u00e9vastateurs des politiques d\u2019immigration.<\/p>\n<p>Actuellement, Nicolas Ferran occupe le poste de Responsable juridique au sein de l\u2019Observatoire international des prisons (OIP) et continue dans le m\u00eame temps \u00e0 soutenir le combat des Amoureux au ban public.<\/p>\n<p><strong>Contacts :\u00a0<\/strong><\/p>\n<p><em>Coordination : <\/em>amoureuxlefilm@gmail.com<\/p>\n<p>Amoureux au ban public c\/o Cimade, 64 rue de Clisson, 75013 Paris<\/p>\n<p>&nbsp;<\/p>\n","protected":false},"excerpt":{"rendered":"<p>Genre : Documentaire \/\u00a0Dur\u00e9e : 1h10 \/\u00a0Support de tournage : mini DV \/\u00a0Format : 4\/3 \/Langue : fran\u00e7ais T\u00e9l\u00e9charger le dossier de presse du film T\u00e9l\u00e9charger la revue de presse du film L&rsquo;\u00e9quipe du film :\u00a0 Producteur et r\u00e9alisateur : Nicolas Ferran Montage : Sophie Blais, Didier Fassio, Nicolas Ferran Images : Gr\u00e9gory Auzuech, Sophie <a href='https:\/\/amoureuxauban.net\/film\/lequipe-du-film\/' class='excerpt-more'>[&#8230;]<\/a><\/p>\n","protected":false},"author":4,"featured_media":0,"parent":0,"menu_order":0,"comment_status":"closed","ping_status":"open","template":"","meta":{"footnotes":""},"class_list":["post-303","page","type-page","status-publish","hentry","post-seq-1","post-parity-odd","meta-position-corners","fix"],"_links":{"self":[{"href":"https:\/\/amoureuxauban.net\/film\/wp-json\/wp\/v2\/pages\/303","targetHints":{"allow":["GET"]}}],"collection":[{"href":"https:\/\/amoureuxauban.net\/film\/wp-json\/wp\/v2\/pages"}],"about":[{"href":"https:\/\/amoureuxauban.net\/film\/wp-json\/wp\/v2\/types\/page"}],"author":[{"embeddable":true,"href":"https:\/\/amoureuxauban.net\/film\/wp-json\/wp\/v2\/users\/4"}],"replies":[{"embeddable":true,"href":"https:\/\/amoureuxauban.net\/film\/wp-json\/wp\/v2\/comments?post=303"}],"version-history":[{"count":0,"href":"https:\/\/amoureuxauban.net\/film\/wp-json\/wp\/v2\/pages\/303\/revisions"}],"wp:attachment":[{"href":"https:\/\/amoureuxauban.net\/film\/wp-json\/wp\/v2\/media?parent=303"}],"curies":[{"name":"wp","href":"https:\/\/api.w.org\/{rel}","templated":true}]}}